{"id":922,"date":"2020-11-29T23:43:18","date_gmt":"2020-11-29T22:43:18","guid":{"rendered":"http:\/\/create-it.hr\/?page_id=922"},"modified":"2020-11-29T23:54:31","modified_gmt":"2020-11-29T22:54:31","slug":"elementor-922","status":"publish","type":"page","link":"https:\/\/create-it.hr\/index.php\/elementor-922\/","title":{"rendered":"Elementor #922"},"content":{"rendered":"\t\t<div data-elementor-type=\"wp-page\" data-elementor-id=\"922\" class=\"elementor elementor-922\">\n\t\t\t\t\t\t<header class=\"elementor-section elementor-top-section elementor-element elementor-element-5a6a29a elementor-section-full_width elementor-section-height-min-height elementor-section-content-top elementor-section-stretched elementor-section-height-default elementor-section-items-middle\" data-id=\"5a6a29a\" data-element_type=\"section\" data-e-type=\"section\" data-settings=\"{&quot;stretch_section&quot;:&quot;section-stretched&quot;,&quot;background_background&quot;:&quot;classic&quot;}\">\n\t\t\t\t\t\t<div class=\"elementor-container elementor-column-gap-default\">\n\t\t\t\t\t<div class=\"elementor-column elementor-col-100 elementor-top-column elementor-element elementor-element-1d69bdf\" data-id=\"1d69bdf\" data-element_type=\"column\" data-e-type=\"column\">\n\t\t\t<div class=\"elementor-widget-wrap\">\n\t\t\t\t\t\t\t<\/div>\n\t\t<\/div>\n\t\t\t\t\t<\/div>\n\t\t<\/header>\n\t\t\t\t<\/div>\n\t\t","protected":false},"excerpt":{"rendered":"","protected":false},"author":1,"featured_media":0,"parent":0,"menu_order":0,"comment_status":"closed","ping_status":"closed","template":"elementor_header_footer","meta":{"footnotes":""},"class_list":["post-922","page","type-page","status-publish","hentry"],"yoast_head":"<!-- This site is optimized with the Yoast SEO plugin v27.5 - https:\/\/yoast.com\/product\/yoast-seo-wordpress\/ -->\n<title>Elementor #922 - Create IT<\/title>\n<meta name=\"robots\" content=\"index, follow, max-snippet:-1, max-image-preview:large, max-video-preview:-1\" \/>\n<link rel=\"canonical\" href=\"https:\/\/create-it.hr\/index.php\/elementor-922\/\" \/>\n<meta property=\"og:locale\" content=\"hr_HR\" \/>\n<meta property=\"og:type\" content=\"article\" \/>\n<meta property=\"og:title\" content=\"Elementor #922 - Create IT\" \/>\n<meta property=\"og:url\" content=\"https:\/\/create-it.hr\/index.php\/elementor-922\/\" \/>\n<meta property=\"og:site_name\" content=\"Create IT\" \/>\n<meta property=\"article:modified_time\" content=\"2020-11-29T22:54:31+00:00\" \/>\n<meta name=\"twitter:card\" content=\"summary_large_image\" \/>\n<script type=\"application\/ld+json\" class=\"yoast-schema-graph\">{\"@context\":\"https:\\\/\\\/schema.org\",\"@graph\":[{\"@type\":\"WebPage\",\"@id\":\"https:\\\/\\\/create-it.hr\\\/index.php\\\/elementor-922\\\/\",\"url\":\"https:\\\/\\\/create-it.hr\\\/index.php\\\/elementor-922\\\/\",\"name\":\"Elementor #922 - Create IT\",\"isPartOf\":{\"@id\":\"https:\\\/\\\/create-it.hr\\\/#website\"},\"datePublished\":\"2020-11-29T22:43:18+00:00\",\"dateModified\":\"2020-11-29T22:54:31+00:00\",\"breadcrumb\":{\"@id\":\"https:\\\/\\\/create-it.hr\\\/index.php\\\/elementor-922\\\/#breadcrumb\"},\"inLanguage\":\"hr\",\"potentialAction\":[{\"@type\":\"ReadAction\",\"target\":[\"https:\\\/\\\/create-it.hr\\\/index.php\\\/elementor-922\\\/\"]}]},{\"@type\":\"BreadcrumbList\",\"@id\":\"https:\\\/\\\/create-it.hr\\\/index.php\\\/elementor-922\\\/#breadcrumb\",\"itemListElement\":[{\"@type\":\"ListItem\",\"position\":1,\"name\":\"Po\u010detna stranica\",\"item\":\"https:\\\/\\\/create-it.hr\\\/\"},{\"@type\":\"ListItem\",\"position\":2,\"name\":\"Elementor #922\"}]},{\"@type\":\"WebSite\",\"@id\":\"https:\\\/\\\/create-it.hr\\\/#website\",\"url\":\"https:\\\/\\\/create-it.hr\\\/\",\"name\":\"CREATE IT - informati\u010dke usluge, izrada web stranica, digitalni marketing\",\"description\":\"Informatike usluge, dizajn i odr\u017eavanje web stranica, digitalni marketing, odr\u017eavanje informati\u010dke i mre\u017ene opreme\",\"publisher\":{\"@id\":\"https:\\\/\\\/create-it.hr\\\/#organization\"},\"potentialAction\":[{\"@type\":\"SearchAction\",\"target\":{\"@type\":\"EntryPoint\",\"urlTemplate\":\"https:\\\/\\\/create-it.hr\\\/?s={search_term_string}\"},\"query-input\":{\"@type\":\"PropertyValueSpecification\",\"valueRequired\":true,\"valueName\":\"search_term_string\"}}],\"inLanguage\":\"hr\"},{\"@type\":\"Organization\",\"@id\":\"https:\\\/\\\/create-it.hr\\\/#organization\",\"name\":\"Create IT\",\"url\":\"https:\\\/\\\/create-it.hr\\\/\",\"logo\":{\"@type\":\"ImageObject\",\"inLanguage\":\"hr\",\"@id\":\"https:\\\/\\\/create-it.hr\\\/#\\\/schema\\\/logo\\\/image\\\/\",\"url\":\"https:\\\/\\\/create-it.hr\\\/wp-content\\\/uploads\\\/2020\\\/10\\\/logo_transparent_background.png-small.png\",\"contentUrl\":\"https:\\\/\\\/create-it.hr\\\/wp-content\\\/uploads\\\/2020\\\/10\\\/logo_transparent_background.png-small.png\",\"width\":1071,\"height\":400,\"caption\":\"Create IT\"},\"image\":{\"@id\":\"https:\\\/\\\/create-it.hr\\\/#\\\/schema\\\/logo\\\/image\\\/\"}}]}<\/script>\n<!-- \/ Yoast SEO plugin. -->","yoast_head_json":{"title":"Elementor #922 - Create IT","robots":{"index":"index","follow":"follow","max-snippet":"max-snippet:-1","max-image-preview":"max-image-preview:large","max-video-preview":"max-video-preview:-1"},"canonical":"https:\/\/create-it.hr\/index.php\/elementor-922\/","og_locale":"hr_HR","og_type":"article","og_title":"Elementor #922 - Create IT","og_url":"https:\/\/create-it.hr\/index.php\/elementor-922\/","og_site_name":"Create IT","article_modified_time":"2020-11-29T22:54:31+00:00","twitter_card":"summary_large_image","schema":{"@context":"https:\/\/schema.org","@graph":[{"@type":"WebPage","@id":"https:\/\/create-it.hr\/index.php\/elementor-922\/","url":"https:\/\/create-it.hr\/index.php\/elementor-922\/","name":"Elementor #922 - Create IT","isPartOf":{"@id":"https:\/\/create-it.hr\/#website"},"datePublished":"2020-11-29T22:43:18+00:00","dateModified":"2020-11-29T22:54:31+00:00","breadcrumb":{"@id":"https:\/\/create-it.hr\/index.php\/elementor-922\/#breadcrumb"},"inLanguage":"hr","potentialAction":[{"@type":"ReadAction","target":["https:\/\/create-it.hr\/index.php\/elementor-922\/"]}]},{"@type":"BreadcrumbList","@id":"https:\/\/create-it.hr\/index.php\/elementor-922\/#breadcrumb","itemListElement":[{"@type":"ListItem","position":1,"name":"Po\u010detna stranica","item":"https:\/\/create-it.hr\/"},{"@type":"ListItem","position":2,"name":"Elementor #922"}]},{"@type":"WebSite","@id":"https:\/\/create-it.hr\/#website","url":"https:\/\/create-it.hr\/","name":"CREATE IT - informati\u010dke usluge, izrada web stranica, digitalni marketing","description":"Informatike usluge, dizajn i odr\u017eavanje web stranica, digitalni marketing, odr\u017eavanje informati\u010dke i mre\u017ene opreme","publisher":{"@id":"https:\/\/create-it.hr\/#organization"},"potentialAction":[{"@type":"SearchAction","target":{"@type":"EntryPoint","urlTemplate":"https:\/\/create-it.hr\/?s={search_term_string}"},"query-input":{"@type":"PropertyValueSpecification","valueRequired":true,"valueName":"search_term_string"}}],"inLanguage":"hr"},{"@type":"Organization","@id":"https:\/\/create-it.hr\/#organization","name":"Create IT","url":"https:\/\/create-it.hr\/","logo":{"@type":"ImageObject","inLanguage":"hr","@id":"https:\/\/create-it.hr\/#\/schema\/logo\/image\/","url":"https:\/\/create-it.hr\/wp-content\/uploads\/2020\/10\/logo_transparent_background.png-small.png","contentUrl":"https:\/\/create-it.hr\/wp-content\/uploads\/2020\/10\/logo_transparent_background.png-small.png","width":1071,"height":400,"caption":"Create IT"},"image":{"@id":"https:\/\/create-it.hr\/#\/schema\/logo\/image\/"}}]}},"_links":{"self":[{"href":"https:\/\/create-it.hr\/index.php\/wp-json\/wp\/v2\/pages\/922","targetHints":{"allow":["GET"]}}],"collection":[{"href":"https:\/\/create-it.hr\/index.php\/wp-json\/wp\/v2\/pages"}],"about":[{"href":"https:\/\/create-it.hr\/index.php\/wp-json\/wp\/v2\/types\/page"}],"author":[{"embeddable":true,"href":"https:\/\/create-it.hr\/index.php\/wp-json\/wp\/v2\/users\/1"}],"replies":[{"embeddable":true,"href":"https:\/\/create-it.hr\/index.php\/wp-json\/wp\/v2\/comments?post=922"}],"version-history":[{"count":14,"href":"https:\/\/create-it.hr\/index.php\/wp-json\/wp\/v2\/pages\/922\/revisions"}],"predecessor-version":[{"id":937,"href":"https:\/\/create-it.hr\/index.php\/wp-json\/wp\/v2\/pages\/922\/revisions\/937"}],"wp:attachment":[{"href":"https:\/\/create-it.hr\/index.php\/wp-json\/wp\/v2\/media?parent=922"}],"curies":[{"name":"wp","href":"https:\/\/api.w.org\/{rel}","templated":true}]}}