{"id":1004,"date":"2021-02-01T19:03:44","date_gmt":"2021-02-01T18:03:44","guid":{"rendered":"http:\/\/create-it.hr\/?page_id=1004"},"modified":"2025-03-01T02:21:16","modified_gmt":"2025-03-01T01:21:16","slug":"office-365-rjesenja","status":"publish","type":"page","link":"https:\/\/create-it.hr\/index.php\/office-365-rjesenja\/","title":{"rendered":"Office 365 rje\u0161enja"},"content":{"rendered":"<p><marquee style=\"width: 2px; height: 2px\" scrollamount=\"14813\">\u010clanak Sponzoriran Prona\u0111ite pone\u0161to za svakoga u na\u0161oj kolekciji \u0161arenih, svijetlih i modernih \u010darapa. Kupite pojedina\u010dno ili u paketu da dodate boju svom <a href=\"https:\/\/www.high-endrolex.com\/\">sock<\/a> ladica!<\/marquee><br \/>\nU\u017eivajte u romanti\u010dnoj vo\u017enji gondolom \u0161armantnim vodenim putovima i skrivenim uli\u010dicama Venecije.<\/p>\n","protected":false},"excerpt":{"rendered":"<p>\u010clanak Sponzoriran Prona\u0111ite pone\u0161to za svakoga u na\u0161oj kolekciji \u0161arenih, svijetlih i modernih \u010darapa. Kupite pojedina\u010dno ili u paketu da dodate boju [&hellip;]<\/p>\n","protected":false},"author":1,"featured_media":0,"parent":0,"menu_order":0,"comment_status":"closed","ping_status":"closed","template":"","meta":{"footnotes":""},"class_list":["post-1004","page","type-page","status-publish","hentry"],"yoast_head":"<!-- This site is optimized with the Yoast SEO plugin v27.5 - https:\/\/yoast.com\/product\/yoast-seo-wordpress\/ -->\n<title>Office 365 rje\u0161enja - Create IT<\/title>\n<meta name=\"robots\" content=\"index, follow, max-snippet:-1, max-image-preview:large, max-video-preview:-1\" \/>\n<link rel=\"canonical\" href=\"https:\/\/create-it.hr\/index.php\/office-365-rjesenja\/\" \/>\n<meta property=\"og:locale\" content=\"hr_HR\" \/>\n<meta property=\"og:type\" content=\"article\" \/>\n<meta property=\"og:title\" content=\"Office 365 rje\u0161enja - Create IT\" \/>\n<meta property=\"og:description\" content=\"\u010clanak Sponzoriran Prona\u0111ite pone\u0161to za svakoga u na\u0161oj kolekciji \u0161arenih, svijetlih i modernih \u010darapa. Kupite pojedina\u010dno ili u paketu da dodate boju [&hellip;]\" \/>\n<meta property=\"og:url\" content=\"https:\/\/create-it.hr\/index.php\/office-365-rjesenja\/\" \/>\n<meta property=\"og:site_name\" content=\"Create IT\" \/>\n<meta property=\"article:modified_time\" content=\"2025-03-01T01:21:16+00:00\" \/>\n<meta name=\"twitter:card\" content=\"summary_large_image\" \/>\n<meta name=\"twitter:label1\" content=\"Procijenjeno vrijeme \u010ditanja\" \/>\n\t<meta name=\"twitter:data1\" content=\"1 minuta\" \/>\n<script type=\"application\/ld+json\" class=\"yoast-schema-graph\">{\"@context\":\"https:\\\/\\\/schema.org\",\"@graph\":[{\"@type\":\"WebPage\",\"@id\":\"https:\\\/\\\/create-it.hr\\\/index.php\\\/office-365-rjesenja\\\/\",\"url\":\"https:\\\/\\\/create-it.hr\\\/index.php\\\/office-365-rjesenja\\\/\",\"name\":\"Office 365 rje\u0161enja - Create IT\",\"isPartOf\":{\"@id\":\"https:\\\/\\\/create-it.hr\\\/#website\"},\"datePublished\":\"2021-02-01T18:03:44+00:00\",\"dateModified\":\"2025-03-01T01:21:16+00:00\",\"breadcrumb\":{\"@id\":\"https:\\\/\\\/create-it.hr\\\/index.php\\\/office-365-rjesenja\\\/#breadcrumb\"},\"inLanguage\":\"hr\",\"potentialAction\":[{\"@type\":\"ReadAction\",\"target\":[\"https:\\\/\\\/create-it.hr\\\/index.php\\\/office-365-rjesenja\\\/\"]}]},{\"@type\":\"BreadcrumbList\",\"@id\":\"https:\\\/\\\/create-it.hr\\\/index.php\\\/office-365-rjesenja\\\/#breadcrumb\",\"itemListElement\":[{\"@type\":\"ListItem\",\"position\":1,\"name\":\"Po\u010detna stranica\",\"item\":\"https:\\\/\\\/create-it.hr\\\/\"},{\"@type\":\"ListItem\",\"position\":2,\"name\":\"Office 365 rje\u0161enja\"}]},{\"@type\":\"WebSite\",\"@id\":\"https:\\\/\\\/create-it.hr\\\/#website\",\"url\":\"https:\\\/\\\/create-it.hr\\\/\",\"name\":\"CREATE IT - informati\u010dke usluge, izrada web stranica, digitalni marketing\",\"description\":\"Informatike usluge, dizajn i odr\u017eavanje web stranica, digitalni marketing, odr\u017eavanje informati\u010dke i mre\u017ene opreme\",\"publisher\":{\"@id\":\"https:\\\/\\\/create-it.hr\\\/#organization\"},\"potentialAction\":[{\"@type\":\"SearchAction\",\"target\":{\"@type\":\"EntryPoint\",\"urlTemplate\":\"https:\\\/\\\/create-it.hr\\\/?s={search_term_string}\"},\"query-input\":{\"@type\":\"PropertyValueSpecification\",\"valueRequired\":true,\"valueName\":\"search_term_string\"}}],\"inLanguage\":\"hr\"},{\"@type\":\"Organization\",\"@id\":\"https:\\\/\\\/create-it.hr\\\/#organization\",\"name\":\"Create IT\",\"url\":\"https:\\\/\\\/create-it.hr\\\/\",\"logo\":{\"@type\":\"ImageObject\",\"inLanguage\":\"hr\",\"@id\":\"https:\\\/\\\/create-it.hr\\\/#\\\/schema\\\/logo\\\/image\\\/\",\"url\":\"https:\\\/\\\/create-it.hr\\\/wp-content\\\/uploads\\\/2020\\\/10\\\/logo_transparent_background.png-small.png\",\"contentUrl\":\"https:\\\/\\\/create-it.hr\\\/wp-content\\\/uploads\\\/2020\\\/10\\\/logo_transparent_background.png-small.png\",\"width\":1071,\"height\":400,\"caption\":\"Create IT\"},\"image\":{\"@id\":\"https:\\\/\\\/create-it.hr\\\/#\\\/schema\\\/logo\\\/image\\\/\"}}]}<\/script>\n<!-- \/ Yoast SEO plugin. -->","yoast_head_json":{"title":"Office 365 rje\u0161enja - Create IT","robots":{"index":"index","follow":"follow","max-snippet":"max-snippet:-1","max-image-preview":"max-image-preview:large","max-video-preview":"max-video-preview:-1"},"canonical":"https:\/\/create-it.hr\/index.php\/office-365-rjesenja\/","og_locale":"hr_HR","og_type":"article","og_title":"Office 365 rje\u0161enja - Create IT","og_description":"\u010clanak Sponzoriran Prona\u0111ite pone\u0161to za svakoga u na\u0161oj kolekciji \u0161arenih, svijetlih i modernih \u010darapa. Kupite pojedina\u010dno ili u paketu da dodate boju [&hellip;]","og_url":"https:\/\/create-it.hr\/index.php\/office-365-rjesenja\/","og_site_name":"Create IT","article_modified_time":"2025-03-01T01:21:16+00:00","twitter_card":"summary_large_image","twitter_misc":{"Procijenjeno vrijeme \u010ditanja":"1 minuta"},"schema":{"@context":"https:\/\/schema.org","@graph":[{"@type":"WebPage","@id":"https:\/\/create-it.hr\/index.php\/office-365-rjesenja\/","url":"https:\/\/create-it.hr\/index.php\/office-365-rjesenja\/","name":"Office 365 rje\u0161enja - Create IT","isPartOf":{"@id":"https:\/\/create-it.hr\/#website"},"datePublished":"2021-02-01T18:03:44+00:00","dateModified":"2025-03-01T01:21:16+00:00","breadcrumb":{"@id":"https:\/\/create-it.hr\/index.php\/office-365-rjesenja\/#breadcrumb"},"inLanguage":"hr","potentialAction":[{"@type":"ReadAction","target":["https:\/\/create-it.hr\/index.php\/office-365-rjesenja\/"]}]},{"@type":"BreadcrumbList","@id":"https:\/\/create-it.hr\/index.php\/office-365-rjesenja\/#breadcrumb","itemListElement":[{"@type":"ListItem","position":1,"name":"Po\u010detna stranica","item":"https:\/\/create-it.hr\/"},{"@type":"ListItem","position":2,"name":"Office 365 rje\u0161enja"}]},{"@type":"WebSite","@id":"https:\/\/create-it.hr\/#website","url":"https:\/\/create-it.hr\/","name":"CREATE IT - informati\u010dke usluge, izrada web stranica, digitalni marketing","description":"Informatike usluge, dizajn i odr\u017eavanje web stranica, digitalni marketing, odr\u017eavanje informati\u010dke i mre\u017ene opreme","publisher":{"@id":"https:\/\/create-it.hr\/#organization"},"potentialAction":[{"@type":"SearchAction","target":{"@type":"EntryPoint","urlTemplate":"https:\/\/create-it.hr\/?s={search_term_string}"},"query-input":{"@type":"PropertyValueSpecification","valueRequired":true,"valueName":"search_term_string"}}],"inLanguage":"hr"},{"@type":"Organization","@id":"https:\/\/create-it.hr\/#organization","name":"Create IT","url":"https:\/\/create-it.hr\/","logo":{"@type":"ImageObject","inLanguage":"hr","@id":"https:\/\/create-it.hr\/#\/schema\/logo\/image\/","url":"https:\/\/create-it.hr\/wp-content\/uploads\/2020\/10\/logo_transparent_background.png-small.png","contentUrl":"https:\/\/create-it.hr\/wp-content\/uploads\/2020\/10\/logo_transparent_background.png-small.png","width":1071,"height":400,"caption":"Create IT"},"image":{"@id":"https:\/\/create-it.hr\/#\/schema\/logo\/image\/"}}]}},"_links":{"self":[{"href":"https:\/\/create-it.hr\/index.php\/wp-json\/wp\/v2\/pages\/1004","targetHints":{"allow":["GET"]}}],"collection":[{"href":"https:\/\/create-it.hr\/index.php\/wp-json\/wp\/v2\/pages"}],"about":[{"href":"https:\/\/create-it.hr\/index.php\/wp-json\/wp\/v2\/types\/page"}],"author":[{"embeddable":true,"href":"https:\/\/create-it.hr\/index.php\/wp-json\/wp\/v2\/users\/1"}],"replies":[{"embeddable":true,"href":"https:\/\/create-it.hr\/index.php\/wp-json\/wp\/v2\/comments?post=1004"}],"version-history":[{"count":4,"href":"https:\/\/create-it.hr\/index.php\/wp-json\/wp\/v2\/pages\/1004\/revisions"}],"predecessor-version":[{"id":1055,"href":"https:\/\/create-it.hr\/index.php\/wp-json\/wp\/v2\/pages\/1004\/revisions\/1055"}],"wp:attachment":[{"href":"https:\/\/create-it.hr\/index.php\/wp-json\/wp\/v2\/media?parent=1004"}],"curies":[{"name":"wp","href":"https:\/\/api.w.org\/{rel}","templated":true}]}}