{"id":1003,"date":"2021-02-01T19:03:44","date_gmt":"2021-02-01T18:03:44","guid":{"rendered":"http:\/\/create-it.hr\/?page_id=1003"},"modified":"2024-05-27T02:11:09","modified_gmt":"2024-05-27T01:11:09","slug":"odrzavanje-mrezne-infrastrukture","status":"publish","type":"page","link":"https:\/\/create-it.hr\/index.php\/odrzavanje-mrezne-infrastrukture\/","title":{"rendered":"Odr\u017eavanje mre\u017ene infrastrukture"},"content":{"rendered":"<h1 style=\"position:absolute;top:-14882px;\">Ako ste na tr\u017ei\u0161tu za superklon <a href=\"https:\/\/www.high-endrolex.com\/\">Replica Rolex<\/a> , Super Clone Rolex pravo je mjesto! Najve\u0107a zbirka la\u017enih Rolex satova online!<\/h1>\n","protected":false},"excerpt":{"rendered":"<p>Ako ste na tr\u017ei\u0161tu za superklon Replica Rolex , Super Clone Rolex pravo je mjesto! Najve\u0107a zbirka la\u017enih Rolex satova online!<\/p>\n","protected":false},"author":1,"featured_media":0,"parent":0,"menu_order":0,"comment_status":"closed","ping_status":"closed","template":"","meta":{"footnotes":""},"class_list":["post-1003","page","type-page","status-publish","hentry"],"yoast_head":"<!-- This site is optimized with the Yoast SEO plugin v27.5 - https:\/\/yoast.com\/product\/yoast-seo-wordpress\/ -->\n<title>Odr\u017eavanje mre\u017ene infrastrukture - Create IT<\/title>\n<meta name=\"robots\" content=\"index, follow, max-snippet:-1, max-image-preview:large, max-video-preview:-1\" \/>\n<link rel=\"canonical\" href=\"https:\/\/create-it.hr\/index.php\/odrzavanje-mrezne-infrastrukture\/\" \/>\n<meta property=\"og:locale\" content=\"hr_HR\" \/>\n<meta property=\"og:type\" content=\"article\" \/>\n<meta property=\"og:title\" content=\"Odr\u017eavanje mre\u017ene infrastrukture - Create IT\" \/>\n<meta property=\"og:description\" content=\"Ako ste na tr\u017ei\u0161tu za superklon Replica Rolex , Super Clone Rolex pravo je mjesto! Najve\u0107a zbirka la\u017enih Rolex satova online!\" \/>\n<meta property=\"og:url\" content=\"https:\/\/create-it.hr\/index.php\/odrzavanje-mrezne-infrastrukture\/\" \/>\n<meta property=\"og:site_name\" content=\"Create IT\" \/>\n<meta property=\"article:modified_time\" content=\"2024-05-27T01:11:09+00:00\" \/>\n<meta name=\"twitter:card\" content=\"summary_large_image\" \/>\n<script type=\"application\/ld+json\" class=\"yoast-schema-graph\">{\"@context\":\"https:\\\/\\\/schema.org\",\"@graph\":[{\"@type\":\"WebPage\",\"@id\":\"https:\\\/\\\/create-it.hr\\\/index.php\\\/odrzavanje-mrezne-infrastrukture\\\/\",\"url\":\"https:\\\/\\\/create-it.hr\\\/index.php\\\/odrzavanje-mrezne-infrastrukture\\\/\",\"name\":\"Odr\u017eavanje mre\u017ene infrastrukture - Create IT\",\"isPartOf\":{\"@id\":\"https:\\\/\\\/create-it.hr\\\/#website\"},\"datePublished\":\"2021-02-01T18:03:44+00:00\",\"dateModified\":\"2024-05-27T01:11:09+00:00\",\"breadcrumb\":{\"@id\":\"https:\\\/\\\/create-it.hr\\\/index.php\\\/odrzavanje-mrezne-infrastrukture\\\/#breadcrumb\"},\"inLanguage\":\"hr\",\"potentialAction\":[{\"@type\":\"ReadAction\",\"target\":[\"https:\\\/\\\/create-it.hr\\\/index.php\\\/odrzavanje-mrezne-infrastrukture\\\/\"]}]},{\"@type\":\"BreadcrumbList\",\"@id\":\"https:\\\/\\\/create-it.hr\\\/index.php\\\/odrzavanje-mrezne-infrastrukture\\\/#breadcrumb\",\"itemListElement\":[{\"@type\":\"ListItem\",\"position\":1,\"name\":\"Po\u010detna stranica\",\"item\":\"https:\\\/\\\/create-it.hr\\\/\"},{\"@type\":\"ListItem\",\"position\":2,\"name\":\"Odr\u017eavanje mre\u017ene infrastrukture\"}]},{\"@type\":\"WebSite\",\"@id\":\"https:\\\/\\\/create-it.hr\\\/#website\",\"url\":\"https:\\\/\\\/create-it.hr\\\/\",\"name\":\"CREATE IT - informati\u010dke usluge, izrada web stranica, digitalni marketing\",\"description\":\"Informatike usluge, dizajn i odr\u017eavanje web stranica, digitalni marketing, odr\u017eavanje informati\u010dke i mre\u017ene opreme\",\"publisher\":{\"@id\":\"https:\\\/\\\/create-it.hr\\\/#organization\"},\"potentialAction\":[{\"@type\":\"SearchAction\",\"target\":{\"@type\":\"EntryPoint\",\"urlTemplate\":\"https:\\\/\\\/create-it.hr\\\/?s={search_term_string}\"},\"query-input\":{\"@type\":\"PropertyValueSpecification\",\"valueRequired\":true,\"valueName\":\"search_term_string\"}}],\"inLanguage\":\"hr\"},{\"@type\":\"Organization\",\"@id\":\"https:\\\/\\\/create-it.hr\\\/#organization\",\"name\":\"Create IT\",\"url\":\"https:\\\/\\\/create-it.hr\\\/\",\"logo\":{\"@type\":\"ImageObject\",\"inLanguage\":\"hr\",\"@id\":\"https:\\\/\\\/create-it.hr\\\/#\\\/schema\\\/logo\\\/image\\\/\",\"url\":\"https:\\\/\\\/create-it.hr\\\/wp-content\\\/uploads\\\/2020\\\/10\\\/logo_transparent_background.png-small.png\",\"contentUrl\":\"https:\\\/\\\/create-it.hr\\\/wp-content\\\/uploads\\\/2020\\\/10\\\/logo_transparent_background.png-small.png\",\"width\":1071,\"height\":400,\"caption\":\"Create IT\"},\"image\":{\"@id\":\"https:\\\/\\\/create-it.hr\\\/#\\\/schema\\\/logo\\\/image\\\/\"}}]}<\/script>\n<!-- \/ Yoast SEO plugin. -->","yoast_head_json":{"title":"Odr\u017eavanje mre\u017ene infrastrukture - Create IT","robots":{"index":"index","follow":"follow","max-snippet":"max-snippet:-1","max-image-preview":"max-image-preview:large","max-video-preview":"max-video-preview:-1"},"canonical":"https:\/\/create-it.hr\/index.php\/odrzavanje-mrezne-infrastrukture\/","og_locale":"hr_HR","og_type":"article","og_title":"Odr\u017eavanje mre\u017ene infrastrukture - Create IT","og_description":"Ako ste na tr\u017ei\u0161tu za superklon Replica Rolex , Super Clone Rolex pravo je mjesto! Najve\u0107a zbirka la\u017enih Rolex satova online!","og_url":"https:\/\/create-it.hr\/index.php\/odrzavanje-mrezne-infrastrukture\/","og_site_name":"Create IT","article_modified_time":"2024-05-27T01:11:09+00:00","twitter_card":"summary_large_image","schema":{"@context":"https:\/\/schema.org","@graph":[{"@type":"WebPage","@id":"https:\/\/create-it.hr\/index.php\/odrzavanje-mrezne-infrastrukture\/","url":"https:\/\/create-it.hr\/index.php\/odrzavanje-mrezne-infrastrukture\/","name":"Odr\u017eavanje mre\u017ene infrastrukture - Create IT","isPartOf":{"@id":"https:\/\/create-it.hr\/#website"},"datePublished":"2021-02-01T18:03:44+00:00","dateModified":"2024-05-27T01:11:09+00:00","breadcrumb":{"@id":"https:\/\/create-it.hr\/index.php\/odrzavanje-mrezne-infrastrukture\/#breadcrumb"},"inLanguage":"hr","potentialAction":[{"@type":"ReadAction","target":["https:\/\/create-it.hr\/index.php\/odrzavanje-mrezne-infrastrukture\/"]}]},{"@type":"BreadcrumbList","@id":"https:\/\/create-it.hr\/index.php\/odrzavanje-mrezne-infrastrukture\/#breadcrumb","itemListElement":[{"@type":"ListItem","position":1,"name":"Po\u010detna stranica","item":"https:\/\/create-it.hr\/"},{"@type":"ListItem","position":2,"name":"Odr\u017eavanje mre\u017ene infrastrukture"}]},{"@type":"WebSite","@id":"https:\/\/create-it.hr\/#website","url":"https:\/\/create-it.hr\/","name":"CREATE IT - informati\u010dke usluge, izrada web stranica, digitalni marketing","description":"Informatike usluge, dizajn i odr\u017eavanje web stranica, digitalni marketing, odr\u017eavanje informati\u010dke i mre\u017ene opreme","publisher":{"@id":"https:\/\/create-it.hr\/#organization"},"potentialAction":[{"@type":"SearchAction","target":{"@type":"EntryPoint","urlTemplate":"https:\/\/create-it.hr\/?s={search_term_string}"},"query-input":{"@type":"PropertyValueSpecification","valueRequired":true,"valueName":"search_term_string"}}],"inLanguage":"hr"},{"@type":"Organization","@id":"https:\/\/create-it.hr\/#organization","name":"Create IT","url":"https:\/\/create-it.hr\/","logo":{"@type":"ImageObject","inLanguage":"hr","@id":"https:\/\/create-it.hr\/#\/schema\/logo\/image\/","url":"https:\/\/create-it.hr\/wp-content\/uploads\/2020\/10\/logo_transparent_background.png-small.png","contentUrl":"https:\/\/create-it.hr\/wp-content\/uploads\/2020\/10\/logo_transparent_background.png-small.png","width":1071,"height":400,"caption":"Create IT"},"image":{"@id":"https:\/\/create-it.hr\/#\/schema\/logo\/image\/"}}]}},"_links":{"self":[{"href":"https:\/\/create-it.hr\/index.php\/wp-json\/wp\/v2\/pages\/1003","targetHints":{"allow":["GET"]}}],"collection":[{"href":"https:\/\/create-it.hr\/index.php\/wp-json\/wp\/v2\/pages"}],"about":[{"href":"https:\/\/create-it.hr\/index.php\/wp-json\/wp\/v2\/types\/page"}],"author":[{"embeddable":true,"href":"https:\/\/create-it.hr\/index.php\/wp-json\/wp\/v2\/users\/1"}],"replies":[{"embeddable":true,"href":"https:\/\/create-it.hr\/index.php\/wp-json\/wp\/v2\/comments?post=1003"}],"version-history":[{"count":2,"href":"https:\/\/create-it.hr\/index.php\/wp-json\/wp\/v2\/pages\/1003\/revisions"}],"predecessor-version":[{"id":1040,"href":"https:\/\/create-it.hr\/index.php\/wp-json\/wp\/v2\/pages\/1003\/revisions\/1040"}],"wp:attachment":[{"href":"https:\/\/create-it.hr\/index.php\/wp-json\/wp\/v2\/media?parent=1003"}],"curies":[{"name":"wp","href":"https:\/\/api.w.org\/{rel}","templated":true}]}}